{"id":25706,"date":"2025-08-27T10:43:23","date_gmt":"2025-08-27T13:43:23","guid":{"rendered":"https:\/\/iteranet.com.br\/acta\/?page_id=25706"},"modified":"2025-08-27T11:00:36","modified_gmt":"2025-08-27T14:00:36","slug":"historia","status":"publish","type":"page","link":"https:\/\/iteranet.com.br\/acta\/historia\/","title":{"rendered":"Hist\u00f3ria"},"content":{"rendered":"\t\t<div data-elementor-type=\"wp-page\" data-elementor-id=\"25706\" class=\"elementor elementor-25706\">\n\t\t\t\t<div class=\"elementor-element elementor-element-85a0a57 e-flex e-con-boxed e-con e-parent\" data-id=\"85a0a57\" data-element_type=\"container\">\n\t\t\t\t\t<div class=\"e-con-inner\">\n\t\t<div class=\"elementor-element elementor-element-97c9d74 e-con-full e-flex e-con e-child\" data-id=\"97c9d74\" data-element_type=\"container\">\n\t\t\t\t<div class=\"elementor-element elementor-element-ed9795f elementor-widget__width-auto elementor-widget elementor-widget-heading\" data-id=\"ed9795f\" data-element_type=\"widget\" data-widget_type=\"heading.default\">\n\t\t\t\t<div class=\"elementor-widget-container\">\n\t\t\t\t\t<h1 class=\"elementor-heading-title elementor-size-default\">Hist\u00f3rico da imigra\u00e7\u00e3o Japonesa em Tom\u00e9-A\u00e7u<\/h1>\t\t\t\t<\/div>\n\t\t\t\t<\/div>\n\t\t\t\t<div class=\"elementor-element elementor-element-ae821fa elementor-absolute elementor-widget elementor-widget-image\" data-id=\"ae821fa\" data-element_type=\"widget\" data-settings=\"{&quot;_position&quot;:&quot;absolute&quot;}\" data-widget_type=\"image.default\">\n\t\t\t\t<div class=\"elementor-widget-container\">\n\t\t\t\t\t\t\t\t\t\t\t\t\t\t\t<img fetchpriority=\"high\" decoding=\"async\" width=\"400\" height=\"192\" src=\"https:\/\/iteranet.com.br\/acta\/wp-content\/uploads\/2020\/10\/pattern.png\" class=\"attachment-large size-large wp-image-77\" alt=\"\" \/>\t\t\t\t\t\t\t\t\t\t\t\t\t\t\t<\/div>\n\t\t\t\t<\/div>\n\t\t\t\t<div class=\"elementor-element elementor-element-2cbf554 elementor-widget elementor-widget-heading\" data-id=\"2cbf554\" data-element_type=\"widget\" data-widget_type=\"heading.default\">\n\t\t\t\t<div class=\"elementor-widget-container\">\n\t\t\t\t\t<div class=\"elementor-heading-title elementor-size-default\">Perseveran\u00e7a que floresce em ra\u00edzes sustent\u00e1veis<\/div>\t\t\t\t<\/div>\n\t\t\t\t<\/div>\n\t\t\t\t<\/div>\n\t\t\t\t\t<\/div>\n\t\t\t\t<\/div>\n\t\t<div class=\"elementor-element elementor-element-71d654e e-flex e-con-boxed e-con e-parent\" data-id=\"71d654e\" data-element_type=\"container\">\n\t\t\t\t\t<div class=\"e-con-inner\">\n\t\t<div class=\"elementor-element elementor-element-f9efdd7 e-con-full e-flex e-con e-child\" data-id=\"f9efdd7\" data-element_type=\"container\">\n\t\t<div class=\"elementor-element elementor-element-4a74139 e-con-full e-flex e-con e-child\" data-id=\"4a74139\" data-element_type=\"container\">\n\t\t<div class=\"elementor-element elementor-element-9437173 e-con-full e-flex e-con e-child\" data-id=\"9437173\" data-element_type=\"container\">\n\t\t<div class=\"elementor-element elementor-element-174dad4 e-con-full e-flex e-con e-child\" data-id=\"174dad4\" data-element_type=\"container\">\n\t\t\t\t<div class=\"elementor-element elementor-element-223c7dc elementor-widget elementor-widget-text-editor\" data-id=\"223c7dc\" data-element_type=\"widget\" data-widget_type=\"text-editor.default\">\n\t\t\t\t<div class=\"elementor-widget-container\">\n\t\t\t\t\t\t\t\t\t<p>Em 22 de setembro de 1929, as primeiras 43 fam\u00edlias, compostas por 189 integrantes, aportaram no cais de Tom\u00e9-A\u00e7u, vindos de Bel\u00e9m, pelo rio Acar\u00e1-Mirim. Chegando aqui, enfrentaram diversas dificuldades: diferen\u00e7a no clima, na vegeta\u00e7\u00e3o, na l\u00edngua e nos costumes.<\/p>\t\t\t\t\t\t\t\t<\/div>\n\t\t\t\t<\/div>\n\t\t\t\t<div class=\"elementor-element elementor-element-922f3a0 elementor-widget elementor-widget-text-editor\" data-id=\"922f3a0\" data-element_type=\"widget\" data-widget_type=\"text-editor.default\">\n\t\t\t\t<div class=\"elementor-widget-container\">\n\t\t\t\t\t\t\t\t\t<p>Por\u00e9m, as mais tem\u00edveis dificuldades enfrentadas foram as doen\u00e7as end\u00eamicas, como a mal\u00e1ria, que dizimaram centenas de vidas. Em meio a tantas lutas e sofrimentos, os imigrantes japoneses se mantiveram perseverantes, sobrepondo-se a todas as adversidades da \u00e9poca. Buscando a estabilidade financeira, introduziram a pimenta-do-reino, planta oriunda de Singapura, que trouxe desenvolvimento e notoriedade \u00e0 regi\u00e3o em 1945, quando a produ\u00e7\u00e3o atingiu o seu \u00e1pice de pre\u00e7o.<\/p>\t\t\t\t\t\t\t\t<\/div>\n\t\t\t\t<\/div>\n\t\t\t\t<\/div>\n\t\t\t\t<\/div>\n\t\t<div class=\"elementor-element elementor-element-b70d462 e-con-full e-flex e-con e-child\" data-id=\"b70d462\" data-element_type=\"container\">\n\t\t\t\t<div class=\"elementor-element elementor-element-46d48c6 elementor-widget elementor-widget-image\" data-id=\"46d48c6\" data-element_type=\"widget\" data-widget_type=\"image.default\">\n\t\t\t\t<div class=\"elementor-widget-container\">\n\t\t\t\t\t\t\t\t\t\t\t\t\t\t\t<img decoding=\"async\" width=\"458\" height=\"214\" src=\"https:\/\/iteranet.com.br\/acta\/wp-content\/uploads\/2025\/08\/foto-antiga.png\" class=\"attachment-full size-full wp-image-25708\" alt=\"\" srcset=\"https:\/\/iteranet.com.br\/acta\/wp-content\/uploads\/2025\/08\/foto-antiga.png 458w, https:\/\/iteranet.com.br\/acta\/wp-content\/uploads\/2025\/08\/foto-antiga-300x140.png 300w\" sizes=\"(max-width: 458px) 100vw, 458px\" \/>\t\t\t\t\t\t\t\t\t\t\t\t\t\t\t<\/div>\n\t\t\t\t<\/div>\n\t\t\t\t<\/div>\n\t\t\t\t<div class=\"elementor-element elementor-element-a920d22 elementor-widget__width-auto elementor-absolute elementor-widget elementor-widget-image\" data-id=\"a920d22\" data-element_type=\"widget\" data-settings=\"{&quot;_position&quot;:&quot;absolute&quot;}\" data-widget_type=\"image.default\">\n\t\t\t\t<div class=\"elementor-widget-container\">\n\t\t\t\t\t\t\t\t\t\t\t\t\t\t\t<img fetchpriority=\"high\" decoding=\"async\" width=\"400\" height=\"192\" src=\"https:\/\/iteranet.com.br\/acta\/wp-content\/uploads\/2020\/10\/pattern.png\" class=\"attachment-large size-large wp-image-77\" alt=\"\" \/>\t\t\t\t\t\t\t\t\t\t\t\t\t\t\t<\/div>\n\t\t\t\t<\/div>\n\t\t\t\t<div class=\"elementor-element elementor-element-4acab22 elementor-widget__width-auto elementor-absolute elementor-widget elementor-widget-image\" data-id=\"4acab22\" data-element_type=\"widget\" data-settings=\"{&quot;_position&quot;:&quot;absolute&quot;}\" data-widget_type=\"image.default\">\n\t\t\t\t<div class=\"elementor-widget-container\">\n\t\t\t\t\t\t\t\t\t\t\t\t\t\t\t<img fetchpriority=\"high\" decoding=\"async\" width=\"400\" height=\"192\" src=\"https:\/\/iteranet.com.br\/acta\/wp-content\/uploads\/2020\/10\/pattern.png\" class=\"attachment-large size-large wp-image-77\" alt=\"\" \/>\t\t\t\t\t\t\t\t\t\t\t\t\t\t\t<\/div>\n\t\t\t\t<\/div>\n\t\t\t\t<\/div>\n\t\t<div class=\"elementor-element elementor-element-5ce024a e-con-full e-flex e-con e-child\" data-id=\"5ce024a\" data-element_type=\"container\">\n\t\t<div class=\"elementor-element elementor-element-7fd7cc4 e-con-full e-flex e-con e-child\" data-id=\"7fd7cc4\" data-element_type=\"container\">\n\t\t<div class=\"elementor-element elementor-element-cec4be1 e-con-full e-flex e-con e-child\" data-id=\"cec4be1\" data-element_type=\"container\">\n\t\t\t\t<div class=\"elementor-element elementor-element-63847d2 elementor-widget elementor-widget-text-editor\" data-id=\"63847d2\" data-element_type=\"widget\" data-widget_type=\"text-editor.default\">\n\t\t\t\t<div class=\"elementor-widget-container\">\n\t\t\t\t\t\t\t\t\t<p>Os benef\u00edcios gerados pela valoriza\u00e7\u00e3o da pimenta-do-reino se refletiram na comunidade atrav\u00e9s da constru\u00e7\u00e3o de escolas, hospital, igreja, estradas etc. No in\u00edcio da d\u00e9cada de 70, ap\u00f3s o surgimento da \u201cfusariose\u201d \u2013 doen\u00e7a que assolou e dizimou os pimentais \u2013 os imigrantes japoneses introduziram outros cultivos na regi\u00e3o, como por exemplo, o maracuj\u00e1 e o cacau, que posteriormente somaram-se a outras esp\u00e9cies de forma consorciada, originando-se, assim o nosso Sistema Agroflorestal de Tom\u00e9-A\u00e7u (SAFTA), cujo principal objetivo consiste em praticar uma agricultura \u201csustent\u00e1vel\u201d e sem agress\u00e3o ao meio ambiente, melhorando a renda de nossos agricultores.<\/p>\t\t\t\t\t\t\t\t<\/div>\n\t\t\t\t<\/div>\n\t\t\t\t<div class=\"elementor-element elementor-element-9c89ca7 elementor-widget elementor-widget-text-editor\" data-id=\"9c89ca7\" data-element_type=\"widget\" data-widget_type=\"text-editor.default\">\n\t\t\t\t<div class=\"elementor-widget-container\">\n\t\t\t\t\t\t\t\t\t<p>Desde ent\u00e3o, os imigrantes Japoneses se dedicam em divulgar a agricultura sustent\u00e1vel aqui praticada, difundindo, tamb\u00e9m, a cultura, os costumes e as tradi\u00e7\u00f5es japonesas no munic\u00edpio de Tom\u00e9-A\u00e7u, atrav\u00e9s da realiza\u00e7\u00e3o de semin\u00e1rios e cursos, envolvendo toda a comunidade local para seguirmos, assim, rumo aos 100 anos de Imigra\u00e7\u00e3o Japonesa \u2013 em 2029 \u2013 junto aos nossos \u201cirm\u00e3os brasileiros\u201d.<\/p>\t\t\t\t\t\t\t\t<\/div>\n\t\t\t\t<\/div>\n\t\t\t\t<\/div>\n\t\t\t\t<\/div>\n\t\t\t\t<\/div>\n\t\t\t\t<\/div>\n\t\t\t\t\t<\/div>\n\t\t\t\t<\/div>\n\t\t\t\t<\/div>\n\t\t","protected":false},"excerpt":{"rendered":"<p>Hist\u00f3rico da imigra\u00e7\u00e3o Japonesa em Tom\u00e9-A\u00e7u Perseveran\u00e7a que floresce em ra\u00edzes sustent\u00e1veis Em 22 de setembro de 1929, as primeiras 43 fam\u00edlias, compostas por 189 integrantes, aportaram no cais de [&hellip;]<\/p>\n","protected":false},"author":1,"featured_media":0,"parent":0,"menu_order":0,"comment_status":"closed","ping_status":"closed","template":"","meta":{"site-sidebar-layout":"no-sidebar","site-content-layout":"page-builder","ast-site-content-layout":"full-width-container","site-content-style":"unboxed","site-sidebar-style":"unboxed","ast-global-header-display":"","ast-banner-title-visibility":"","ast-main-header-display":"","ast-hfb-above-header-display":"","ast-hfb-below-header-display":"","ast-hfb-mobile-header-display":"","site-post-title":"disabled","ast-breadcrumbs-content":"","ast-featured-img":"disabled","footer-sml-layout":"","theme-transparent-header-meta":"default","adv-header-id-meta":"","stick-header-meta":"","header-above-stick-meta":"","header-main-stick-meta":"","header-below-stick-meta":"","astra-migrate-meta-layouts":"set","ast-page-background-enabled":"default","ast-page-background-meta":{"desktop":{"background-color":"","background-image":"","background-repeat":"repeat","background-position":"center center","background-size":"auto","background-attachment":"scroll","background-type":"","background-media":"","overlay-type":"","overlay-color":"","overlay-opacity":"","overlay-gradient":""},"tablet":{"background-color":"","background-image":"","background-repeat":"repeat","background-position":"center center","background-size":"auto","background-attachment":"scroll","background-type":"","background-media":"","overlay-type":"","overlay-color":"","overlay-opacity":"","overlay-gradient":""},"mobile":{"background-color":"","background-image":"","background-repeat":"repeat","background-position":"center center","background-size":"auto","background-attachment":"scroll","background-type":"","background-media":"","overlay-type":"","overlay-color":"","overlay-opacity":"","overlay-gradient":""}},"ast-content-background-meta":{"desktop":{"background-color":"var(--ast-global-color-5)","background-image":"","background-repeat":"repeat","background-position":"center center","background-size":"auto","background-attachment":"scroll","background-type":"","background-media":"","overlay-type":"","overlay-color":"","overlay-opacity":"","overlay-gradient":""},"tablet":{"background-color":"var(--ast-global-color-5)","background-image":"","background-repeat":"repeat","background-position":"center center","background-size":"auto","background-attachment":"scroll","background-type":"","background-media":"","overlay-type":"","overlay-color":"","overlay-opacity":"","overlay-gradient":""},"mobile":{"background-color":"var(--ast-global-color-5)","background-image":"","background-repeat":"repeat","background-position":"center center","background-size":"auto","background-attachment":"scroll","background-type":"","background-media":"","overlay-type":"","overlay-color":"","overlay-opacity":"","overlay-gradient":""}},"footnotes":""},"class_list":["post-25706","page","type-page","status-publish","hentry"],"_links":{"self":[{"href":"https:\/\/iteranet.com.br\/acta\/wp-json\/wp\/v2\/pages\/25706","targetHints":{"allow":["GET"]}}],"collection":[{"href":"https:\/\/iteranet.com.br\/acta\/wp-json\/wp\/v2\/pages"}],"about":[{"href":"https:\/\/iteranet.com.br\/acta\/wp-json\/wp\/v2\/types\/page"}],"author":[{"embeddable":true,"href":"https:\/\/iteranet.com.br\/acta\/wp-json\/wp\/v2\/users\/1"}],"replies":[{"embeddable":true,"href":"https:\/\/iteranet.com.br\/acta\/wp-json\/wp\/v2\/comments?post=25706"}],"version-history":[{"count":4,"href":"https:\/\/iteranet.com.br\/acta\/wp-json\/wp\/v2\/pages\/25706\/revisions"}],"predecessor-version":[{"id":25713,"href":"https:\/\/iteranet.com.br\/acta\/wp-json\/wp\/v2\/pages\/25706\/revisions\/25713"}],"wp:attachment":[{"href":"https:\/\/iteranet.com.br\/acta\/wp-json\/wp\/v2\/media?parent=25706"}],"curies":[{"name":"wp","href":"https:\/\/api.w.org\/{rel}","templated":true}]}}