{"id":25700,"date":"2025-08-27T11:20:32","date_gmt":"2025-08-27T14:20:32","guid":{"rendered":"https:\/\/iteranet.com.br\/acta\/?page_id=25700"},"modified":"2025-08-27T12:11:52","modified_gmt":"2025-08-27T15:11:52","slug":"safta","status":"publish","type":"page","link":"https:\/\/iteranet.com.br\/acta\/safta\/","title":{"rendered":"SAFTA"},"content":{"rendered":"\t\t<div data-elementor-type=\"wp-page\" data-elementor-id=\"25700\" class=\"elementor elementor-25700\">\n\t\t\t\t<div class=\"elementor-element elementor-element-85a0a57 e-flex e-con-boxed e-con e-parent\" data-id=\"85a0a57\" data-element_type=\"container\">\n\t\t\t\t\t<div class=\"e-con-inner\">\n\t\t<div class=\"elementor-element elementor-element-97c9d74 e-con-full e-flex e-con e-child\" data-id=\"97c9d74\" data-element_type=\"container\">\n\t\t\t\t<div class=\"elementor-element elementor-element-ed9795f elementor-widget__width-auto elementor-widget elementor-widget-heading\" data-id=\"ed9795f\" data-element_type=\"widget\" data-widget_type=\"heading.default\">\n\t\t\t\t<div class=\"elementor-widget-container\">\n\t\t\t\t\t<h1 class=\"elementor-heading-title elementor-size-default\">SAFTA \u2013 Sistema Agroflorestal de Tom\u00e9-A\u00e7u<\/h1>\t\t\t\t<\/div>\n\t\t\t\t<\/div>\n\t\t\t\t<div class=\"elementor-element elementor-element-ae821fa elementor-absolute elementor-widget elementor-widget-image\" data-id=\"ae821fa\" data-element_type=\"widget\" data-settings=\"{&quot;_position&quot;:&quot;absolute&quot;}\" data-widget_type=\"image.default\">\n\t\t\t\t<div class=\"elementor-widget-container\">\n\t\t\t\t\t\t\t\t\t\t\t\t\t\t\t<img fetchpriority=\"high\" decoding=\"async\" width=\"400\" height=\"192\" src=\"https:\/\/iteranet.com.br\/acta\/wp-content\/uploads\/2020\/10\/pattern.png\" class=\"attachment-large size-large wp-image-77\" alt=\"\" \/>\t\t\t\t\t\t\t\t\t\t\t\t\t\t\t<\/div>\n\t\t\t\t<\/div>\n\t\t\t\t<\/div>\n\t\t\t\t\t<\/div>\n\t\t\t\t<\/div>\n\t\t<div class=\"elementor-element elementor-element-5358474 e-flex e-con-boxed e-con e-parent\" data-id=\"5358474\" data-element_type=\"container\" data-settings=\"{&quot;background_background&quot;:&quot;classic&quot;}\">\n\t\t\t\t\t<div class=\"e-con-inner\">\n\t\t<div class=\"elementor-element elementor-element-c1b36fd e-con-full e-flex e-con e-child\" data-id=\"c1b36fd\" data-element_type=\"container\" data-settings=\"{&quot;background_background&quot;:&quot;classic&quot;}\">\n\t\t\t\t<div class=\"elementor-element elementor-element-b91e5d3 elementor-widget elementor-widget-text-editor\" data-id=\"b91e5d3\" data-element_type=\"widget\" data-widget_type=\"text-editor.default\">\n\t\t\t\t<div class=\"elementor-widget-container\">\n\t\t\t\t\t\t\t\t\t<p>O <strong>Sistema Agroflorestal de Tom\u00e9-A\u00e7u \u2013 SAFTA<\/strong>, caracteriza-se por cultivar o solo atrav\u00e9s da produ\u00e7\u00e3o sustent\u00e1vel com maior rentabilidade econ\u00f4mica-social e ambiental, conservando e recuperando os recursos naturais atrav\u00e9s da consorcia\u00e7\u00e3o de plantas e\/ou cria\u00e7\u00f5es de pequenos animais na mesma \u00e1rea, de forma harm\u00f4nica para garantir ao homem no campo, seguran\u00e7a alimentar e gera\u00e7\u00e3o de renda a curto, m\u00e9dio e longo prazos.<\/p>\t\t\t\t\t\t\t\t<\/div>\n\t\t\t\t<\/div>\n\t\t\t\t<\/div>\n\t\t<div class=\"elementor-element elementor-element-1009169 e-con-full e-flex e-con e-child\" data-id=\"1009169\" data-element_type=\"container\">\n\t\t\t\t<div class=\"elementor-element elementor-element-f617b4b elementor-widget__width-auto elementor-absolute elementor-widget elementor-widget-image\" data-id=\"f617b4b\" data-element_type=\"widget\" data-settings=\"{&quot;_position&quot;:&quot;absolute&quot;}\" data-widget_type=\"image.default\">\n\t\t\t\t<div class=\"elementor-widget-container\">\n\t\t\t\t\t\t\t\t\t\t\t\t\t\t\t<img decoding=\"async\" width=\"200\" height=\"489\" src=\"https:\/\/iteranet.com.br\/acta\/wp-content\/uploads\/2020\/10\/pattern-v-1.png\" class=\"attachment-large size-large wp-image-145\" alt=\"\" srcset=\"https:\/\/iteranet.com.br\/acta\/wp-content\/uploads\/2020\/10\/pattern-v-1.png 200w, https:\/\/iteranet.com.br\/acta\/wp-content\/uploads\/2020\/10\/pattern-v-1-123x300.png 123w\" sizes=\"(max-width: 200px) 100vw, 200px\" \/>\t\t\t\t\t\t\t\t\t\t\t\t\t\t\t<\/div>\n\t\t\t\t<\/div>\n\t\t\t\t<\/div>\n\t\t\t\t\t<\/div>\n\t\t\t\t<\/div>\n\t\t<div class=\"elementor-element elementor-element-71d654e e-flex e-con-boxed e-con e-parent\" data-id=\"71d654e\" data-element_type=\"container\">\n\t\t\t\t\t<div class=\"e-con-inner\">\n\t\t<div class=\"elementor-element elementor-element-f9efdd7 e-con-full e-flex e-con e-child\" data-id=\"f9efdd7\" data-element_type=\"container\">\n\t\t<div class=\"elementor-element elementor-element-4a74139 e-con-full e-flex e-con e-child\" data-id=\"4a74139\" data-element_type=\"container\">\n\t\t<div class=\"elementor-element elementor-element-3e54c9f e-con-full e-flex e-con e-child\" data-id=\"3e54c9f\" data-element_type=\"container\">\n\t\t\t\t<div class=\"elementor-element elementor-element-bc673dc elementor-widget elementor-widget-text-editor\" data-id=\"bc673dc\" data-element_type=\"widget\" data-widget_type=\"text-editor.default\">\n\t\t\t\t<div class=\"elementor-widget-container\">\n\t\t\t\t\t\t\t\t\t<p>O SAFTA tornou-se uma estrat\u00e9gica para diversifica\u00e7\u00e3o de produ\u00e7\u00e3o, seguran\u00e7a alimentar e renda, que a Cooperativa Agr\u00edcola Mista de Tom\u00e9-A\u00e7u \u2013 CAMTA, atrav\u00e9s de parcerias, intensificou a transfer\u00eancia das tecnologias agroecol\u00f3gicas SAFTA para 25 comunidades de agricultura familiar beneficiando de 2010 a 2017 mais de 5.000 pessoas de 1.125 fam\u00edlias, somando escala do munic\u00edpio de Tom\u00e9-A\u00e7u, para Acar\u00e1, Moju, Santa B\u00e1rbara, Igarap\u00e9-A\u00e7u e Abaetetuba no estado do Par\u00e1 e seguiu para o Amap\u00e1 e Amazonas.<\/p>\t\t\t\t\t\t\t\t<\/div>\n\t\t\t\t<\/div>\n\t\t\t\t<div class=\"elementor-element elementor-element-b33443a elementor-widget elementor-widget-text-editor\" data-id=\"b33443a\" data-element_type=\"widget\" data-widget_type=\"text-editor.default\">\n\t\t\t\t<div class=\"elementor-widget-container\">\n\t\t\t\t\t\t\t\t\t<p>Extrapolou as fronteiras da Amaz\u00f4nia brasileira, chegando nas cidades de San Buenaventura e Ixiamas do norte de La Paz na Amaz\u00f4nia Boliviana.<\/p>\t\t\t\t\t\t\t\t<\/div>\n\t\t\t\t<\/div>\n\t\t\t\t<div class=\"elementor-element elementor-element-846ac63 elementor-widget elementor-widget-text-editor\" data-id=\"846ac63\" data-element_type=\"widget\" data-widget_type=\"text-editor.default\">\n\t\t\t\t<div class=\"elementor-widget-container\">\n\t\t\t\t\t\t\t\t\t<p>A convite da ONU \/ FAO em 2016, foram realizados estudos, atrav\u00e9s da Universidade de Agricultura e Tecnologia de T\u00f3quio, para implanta\u00e7\u00e3o de uma parcela demonstrativa SAFTA piloto na regi\u00e3o cacaueira de Ashanti em Ghana, no continente Africano.<\/p>\t\t\t\t\t\t\t\t<\/div>\n\t\t\t\t<\/div>\n\t\t\t\t<\/div>\n\t\t<div class=\"elementor-element elementor-element-93a11ec e-con-full e-flex e-con e-child\" data-id=\"93a11ec\" data-element_type=\"container\">\n\t\t\t\t<div class=\"elementor-element elementor-element-9d639c4 elementor-widget elementor-widget-image\" data-id=\"9d639c4\" data-element_type=\"widget\" data-widget_type=\"image.default\">\n\t\t\t\t<div class=\"elementor-widget-container\">\n\t\t\t\t\t\t\t\t\t\t\t\t\t\t\t<img decoding=\"async\" width=\"768\" height=\"1024\" src=\"https:\/\/iteranet.com.br\/acta\/wp-content\/uploads\/2025\/08\/safta-01.jpeg\" class=\"attachment-large size-large wp-image-25719\" alt=\"\" srcset=\"https:\/\/iteranet.com.br\/acta\/wp-content\/uploads\/2025\/08\/safta-01.jpeg 768w, https:\/\/iteranet.com.br\/acta\/wp-content\/uploads\/2025\/08\/safta-01-225x300.jpeg 225w\" sizes=\"(max-width: 768px) 100vw, 768px\" \/>\t\t\t\t\t\t\t\t\t\t\t\t\t\t\t<\/div>\n\t\t\t\t<\/div>\n\t\t\t\t<\/div>\n\t\t\t\t<div class=\"elementor-element elementor-element-4acab22 elementor-widget__width-auto elementor-absolute elementor-widget elementor-widget-image\" data-id=\"4acab22\" data-element_type=\"widget\" data-settings=\"{&quot;_position&quot;:&quot;absolute&quot;}\" data-widget_type=\"image.default\">\n\t\t\t\t<div class=\"elementor-widget-container\">\n\t\t\t\t\t\t\t\t\t\t\t\t\t\t\t<img fetchpriority=\"high\" decoding=\"async\" width=\"400\" height=\"192\" src=\"https:\/\/iteranet.com.br\/acta\/wp-content\/uploads\/2020\/10\/pattern.png\" class=\"attachment-large size-large wp-image-77\" alt=\"\" \/>\t\t\t\t\t\t\t\t\t\t\t\t\t\t\t<\/div>\n\t\t\t\t<\/div>\n\t\t\t\t<\/div>\n\t\t<div class=\"elementor-element elementor-element-04b1314 e-con-full e-flex e-con e-child\" data-id=\"04b1314\" data-element_type=\"container\">\n\t\t<div class=\"elementor-element elementor-element-e6aebb9 e-con-full e-flex e-con e-child\" data-id=\"e6aebb9\" data-element_type=\"container\">\n\t\t\t\t<div class=\"elementor-element elementor-element-1f00ed3 elementor-widget elementor-widget-text-editor\" data-id=\"1f00ed3\" data-element_type=\"widget\" data-widget_type=\"text-editor.default\">\n\t\t\t\t<div class=\"elementor-widget-container\">\n\t\t\t\t\t\t\t\t\t<p>O aumento na produ\u00e7\u00e3o de cupua\u00e7u, acerola, a\u00e7a\u00ed, pitaia e outros, em escala comercial e a consorcia\u00e7\u00e3o dessas culturas aos cultivos pr\u00e9-existentes consiste no diferencial do Sistema Agroflorestal de Tom\u00e9-A\u00e7u. Assim sendo, muitas culturas de grande apelo comercial foram introduzidas aos plantios, levando-se em considera\u00e7\u00e3o o equil\u00edbrio econ\u00f4mico agr\u00edcola durante os per\u00edodos de sazonalidade. Devido \u00e0 sua singularidade esta modalidade de plantio consorciado foi denominada SAFTA \u2013 Sistemas Agroflorestais de Tom\u00e9-A\u00e7u.<\/p>\t\t\t\t\t\t\t\t<\/div>\n\t\t\t\t<\/div>\n\t\t\t\t<div class=\"elementor-element elementor-element-6b45a1a elementor-widget elementor-widget-text-editor\" data-id=\"6b45a1a\" data-element_type=\"widget\" data-widget_type=\"text-editor.default\">\n\t\t\t\t<div class=\"elementor-widget-container\">\n\t\t\t\t\t\t\t\t\t<p>Deste modo, \u00e0 medida em que cresce a preocupa\u00e7\u00e3o mundial pela sustentabilidade, esse tipo de sistema agroflorestal tem atra\u00eddo a aten\u00e7\u00e3o por ser um m\u00e9todo de agricultura de baixo impacto ambiental. Desde a d\u00e9cada de 2000 o SAFTA vem conquistando v\u00e1rios pr\u00eamios por suas atividades, inclusive na dissemina\u00e7\u00e3o e difus\u00e3o. As pesquisas avan\u00e7aram tamb\u00e9m no cultivo de dend\u00ea que durante muito tempo acreditou-se tratar apenas de monocultura. Por\u00e9m, bons resultados de produ\u00e7\u00e3o foram obtidos nos cons\u00f3rcios agroflorestais em plantios de dend\u00ea. Assim, mais desenvolvimento t\u00e9cnico est\u00e1 sendo observado.<\/p>\t\t\t\t\t\t\t\t<\/div>\n\t\t\t\t<\/div>\n\t\t\t\t<\/div>\n\t\t<div class=\"elementor-element elementor-element-7e5a255 e-con-full e-flex e-con e-child\" data-id=\"7e5a255\" data-element_type=\"container\">\n\t\t\t\t<div class=\"elementor-element elementor-element-216ce79 elementor-widget elementor-widget-image\" data-id=\"216ce79\" data-element_type=\"widget\" data-widget_type=\"image.default\">\n\t\t\t\t<div class=\"elementor-widget-container\">\n\t\t\t\t\t\t\t\t\t\t\t\t\t\t\t<img loading=\"lazy\" decoding=\"async\" width=\"1024\" height=\"768\" src=\"https:\/\/iteranet.com.br\/acta\/wp-content\/uploads\/2025\/08\/safta-02.jpg\" class=\"attachment-large size-large wp-image-25720\" alt=\"\" srcset=\"https:\/\/iteranet.com.br\/acta\/wp-content\/uploads\/2025\/08\/safta-02.jpg 1024w, https:\/\/iteranet.com.br\/acta\/wp-content\/uploads\/2025\/08\/safta-02-300x225.jpg 300w, https:\/\/iteranet.com.br\/acta\/wp-content\/uploads\/2025\/08\/safta-02-768x576.jpg 768w\" sizes=\"(max-width: 1024px) 100vw, 1024px\" \/>\t\t\t\t\t\t\t\t\t\t\t\t\t\t\t<\/div>\n\t\t\t\t<\/div>\n\t\t\t\t<\/div>\n\t\t\t\t<\/div>\n\t\t\t\t<\/div>\n\t\t\t\t\t<\/div>\n\t\t\t\t<\/div>\n\t\t<div class=\"elementor-element elementor-element-41aa7a6 e-flex e-con-boxed e-con e-parent\" data-id=\"41aa7a6\" data-element_type=\"container\">\n\t\t\t\t\t<div class=\"e-con-inner\">\n\t\t\t\t<div class=\"elementor-element elementor-element-a5dd1b6 elementor-widget elementor-widget-text-editor\" data-id=\"a5dd1b6\" data-element_type=\"widget\" data-widget_type=\"text-editor.default\">\n\t\t\t\t<div class=\"elementor-widget-container\">\n\t\t\t\t\t\t\t\t\t<p>Em 2009 as am\u00eandoas de cacau, que originalmente eram o objetivo do desenvolvimento pela Nantaku, foram exportadas para o Jap\u00e3o e, em 2019, o Instituto Nacional de Propriedade Industrial \u2013 INPI deferiu o pedido de indica\u00e7\u00e3o geogr\u00e1fica (IG) \u00e0 ACTA. Como as \u00e1reas avan\u00e7adas de sistemas agroflorestais (SAFs) recebem muitas visitas nacionais e internacionais de pesquisadores, estudantes, empres\u00e1rios, turistas e outros, criou-se no processo da conquista da IG, a \u201cRota da Imigra\u00e7\u00e3o Japonesa\u201d buscando junto \u00e0 Secretaria de Turismo do Estado do Par\u00e1, a inclus\u00e3o no mapa tur\u00edstico. Deste modo, espera-se que a Rota da Imigra\u00e7\u00e3o Japonesa junto com a Certifica\u00e7\u00e3o de Proced\u00eancia do Cacau de Tom\u00e9-A\u00e7u, fomentem o desenvolvimento do agro- turismo e do ecoturismo na regi\u00e3o.<\/p>\t\t\t\t\t\t\t\t<\/div>\n\t\t\t\t<\/div>\n\t\t<div class=\"elementor-element elementor-element-633d20b e-con-full e-flex e-con e-child\" data-id=\"633d20b\" data-element_type=\"container\">\n\t\t\t\t<div class=\"elementor-element elementor-element-5ddaaaf elementor-widget__width-auto elementor-absolute elementor-widget elementor-widget-image\" data-id=\"5ddaaaf\" data-element_type=\"widget\" data-settings=\"{&quot;_position&quot;:&quot;absolute&quot;}\" data-widget_type=\"image.default\">\n\t\t\t\t<div class=\"elementor-widget-container\">\n\t\t\t\t\t\t\t\t\t\t\t\t\t\t\t<img decoding=\"async\" width=\"200\" height=\"489\" src=\"https:\/\/iteranet.com.br\/acta\/wp-content\/uploads\/2020\/10\/pattern-v-1.png\" class=\"attachment-large size-large wp-image-145\" alt=\"\" srcset=\"https:\/\/iteranet.com.br\/acta\/wp-content\/uploads\/2020\/10\/pattern-v-1.png 200w, https:\/\/iteranet.com.br\/acta\/wp-content\/uploads\/2020\/10\/pattern-v-1-123x300.png 123w\" sizes=\"(max-width: 200px) 100vw, 200px\" \/>\t\t\t\t\t\t\t\t\t\t\t\t\t\t\t<\/div>\n\t\t\t\t<\/div>\n\t\t\t\t<\/div>\n\t\t\t\t\t<\/div>\n\t\t\t\t<\/div>\n\t\t\t\t<\/div>\n\t\t","protected":false},"excerpt":{"rendered":"<p>SAFTA \u2013 Sistema Agroflorestal de Tom\u00e9-A\u00e7u O Sistema Agroflorestal de Tom\u00e9-A\u00e7u \u2013 SAFTA, caracteriza-se por cultivar o solo atrav\u00e9s da produ\u00e7\u00e3o sustent\u00e1vel com maior rentabilidade econ\u00f4mica-social e ambiental, conservando e [&hellip;]<\/p>\n","protected":false},"author":1,"featured_media":0,"parent":0,"menu_order":0,"comment_status":"closed","ping_status":"closed","template":"","meta":{"site-sidebar-layout":"no-sidebar","site-content-layout":"page-builder","ast-site-content-layout":"full-width-container","site-content-style":"unboxed","site-sidebar-style":"unboxed","ast-global-header-display":"","ast-banner-title-visibility":"","ast-main-header-display":"","ast-hfb-above-header-display":"","ast-hfb-below-header-display":"","ast-hfb-mobile-header-display":"","site-post-title":"disabled","ast-breadcrumbs-content":"","ast-featured-img":"disabled","footer-sml-layout":"","theme-transparent-header-meta":"default","adv-header-id-meta":"","stick-header-meta":"","header-above-stick-meta":"","header-main-stick-meta":"","header-below-stick-meta":"","astra-migrate-meta-layouts":"set","ast-page-background-enabled":"default","ast-page-background-meta":{"desktop":{"background-color":"","background-image":"","background-repeat":"repeat","background-position":"center center","background-size":"auto","background-attachment":"scroll","background-type":"","background-media":"","overlay-type":"","overlay-color":"","overlay-opacity":"","overlay-gradient":""},"tablet":{"background-color":"","background-image":"","background-repeat":"repeat","background-position":"center center","background-size":"auto","background-attachment":"scroll","background-type":"","background-media":"","overlay-type":"","overlay-color":"","overlay-opacity":"","overlay-gradient":""},"mobile":{"background-color":"","background-image":"","background-repeat":"repeat","background-position":"center center","background-size":"auto","background-attachment":"scroll","background-type":"","background-media":"","overlay-type":"","overlay-color":"","overlay-opacity":"","overlay-gradient":""}},"ast-content-background-meta":{"desktop":{"background-color":"var(--ast-global-color-5)","background-image":"","background-repeat":"repeat","background-position":"center center","background-size":"auto","background-attachment":"scroll","background-type":"","background-media":"","overlay-type":"","overlay-color":"","overlay-opacity":"","overlay-gradient":""},"tablet":{"background-color":"var(--ast-global-color-5)","background-image":"","background-repeat":"repeat","background-position":"center center","background-size":"auto","background-attachment":"scroll","background-type":"","background-media":"","overlay-type":"","overlay-color":"","overlay-opacity":"","overlay-gradient":""},"mobile":{"background-color":"var(--ast-global-color-5)","background-image":"","background-repeat":"repeat","background-position":"center center","background-size":"auto","background-attachment":"scroll","background-type":"","background-media":"","overlay-type":"","overlay-color":"","overlay-opacity":"","overlay-gradient":""}},"footnotes":""},"class_list":["post-25700","page","type-page","status-publish","hentry"],"_links":{"self":[{"href":"https:\/\/iteranet.com.br\/acta\/wp-json\/wp\/v2\/pages\/25700","targetHints":{"allow":["GET"]}}],"collection":[{"href":"https:\/\/iteranet.com.br\/acta\/wp-json\/wp\/v2\/pages"}],"about":[{"href":"https:\/\/iteranet.com.br\/acta\/wp-json\/wp\/v2\/types\/page"}],"author":[{"embeddable":true,"href":"https:\/\/iteranet.com.br\/acta\/wp-json\/wp\/v2\/users\/1"}],"replies":[{"embeddable":true,"href":"https:\/\/iteranet.com.br\/acta\/wp-json\/wp\/v2\/comments?post=25700"}],"version-history":[{"count":8,"href":"https:\/\/iteranet.com.br\/acta\/wp-json\/wp\/v2\/pages\/25700\/revisions"}],"predecessor-version":[{"id":25726,"href":"https:\/\/iteranet.com.br\/acta\/wp-json\/wp\/v2\/pages\/25700\/revisions\/25726"}],"wp:attachment":[{"href":"https:\/\/iteranet.com.br\/acta\/wp-json\/wp\/v2\/media?parent=25700"}],"curies":[{"name":"wp","href":"https:\/\/api.w.org\/{rel}","templated":true}]}}